{"id":3,"date":"2025-08-02T23:33:37","date_gmt":"2025-08-02T23:33:37","guid":{"rendered":"https:\/\/ensyl.fr\/?page_id=3"},"modified":"2025-08-08T10:46:55","modified_gmt":"2025-08-08T10:46:55","slug":"politique-de-confidentialite","status":"publish","type":"page","link":"https:\/\/ensyl.fr\/en\/politique-de-confidentialite\/","title":{"rendered":"Privacy Policy"},"content":{"rendered":"<div data-elementor-type=\"wp-page\" data-elementor-id=\"3\" class=\"elementor elementor-3\" data-elementor-post-type=\"page\">\n\t\t\t\t<div class=\"elementor-element elementor-element-6978f97 e-flex e-con-boxed e-con e-parent\" data-id=\"6978f97\" data-element_type=\"container\" data-settings=\"{&quot;background_background&quot;:&quot;classic&quot;}\">\n\t\t\t\t\t<div class=\"e-con-inner\">\n\t\t\t\t<div class=\"elementor-element elementor-element-7ba57c9 elementor-widget elementor-widget-spacer\" data-id=\"7ba57c9\" data-element_type=\"widget\" data-widget_type=\"spacer.default\">\n\t\t\t\t\t\t\t<div class=\"elementor-spacer\">\n\t\t\t<div class=\"elementor-spacer-inner\"><\/div>\n\t\t<\/div>\n\t\t\t\t\t\t<\/div>\n\t\t\t\t<div class=\"elementor-element elementor-element-57ba028 elementor-widget elementor-widget-heading\" data-id=\"57ba028\" data-element_type=\"widget\" data-widget_type=\"heading.default\">\n\t\t\t\t\t<h2 class=\"elementor-heading-title elementor-size-default\">Privacy Policy<\/h2>\t\t\t\t<\/div>\n\t\t<div class=\"elementor-element elementor-element-541b70f e-con-full e-flex e-con e-child\" data-id=\"541b70f\" data-element_type=\"container\">\n\t\t\t\t<div class=\"elementor-element elementor-element-4a25649 elementor-icon-list--layout-traditional elementor-list-item-link-full_width elementor-widget elementor-widget-icon-list\" data-id=\"4a25649\" data-element_type=\"widget\" data-widget_type=\"icon-list.default\">\n\t\t\t\t\t\t\t<ul class=\"elementor-icon-list-items\">\n\t\t\t\t\t\t\t<li class=\"elementor-icon-list-item\">\n\t\t\t\t\t\t\t\t\t\t\t<a href=\"https:\/\/ensyl.fr\/en\">\n\n\t\t\t\t\t\t\t\t\t\t\t<span class=\"elementor-icon-list-text\">Home<\/span>\n\t\t\t\t\t\t\t\t\t\t\t<\/a>\n\t\t\t\t\t\t\t\t\t<\/li>\n\t\t\t\t\t\t<\/ul>\n\t\t\t\t\t\t<\/div>\n\t\t\t\t<div class=\"elementor-element elementor-element-d9a5238 elementor-widget elementor-widget-image\" data-id=\"d9a5238\" data-element_type=\"widget\" data-widget_type=\"image.default\">\n\t\t\t\t\t\t\t\t\t\t\t\t\t\t\t<img decoding=\"async\" width=\"24\" height=\"24\" src=\"https:\/\/ensyl.fr\/wp-content\/uploads\/2025\/08\/arrow-small-right-1.svg\" class=\"attachment-full size-full wp-image-187\" alt=\"\" \/>\t\t\t\t\t\t\t\t\t\t\t\t\t\t\t<\/div>\n\t\t\t\t<div class=\"elementor-element elementor-element-72b67fc elementor-icon-list--layout-traditional elementor-list-item-link-full_width elementor-widget elementor-widget-icon-list\" data-id=\"72b67fc\" data-element_type=\"widget\" data-widget_type=\"icon-list.default\">\n\t\t\t\t\t\t\t<ul class=\"elementor-icon-list-items\">\n\t\t\t\t\t\t\t<li class=\"elementor-icon-list-item\">\n\t\t\t\t\t\t\t\t\t\t<span class=\"elementor-icon-list-text\">Privacy Policy<\/span>\n\t\t\t\t\t\t\t\t\t<\/li>\n\t\t\t\t\t\t<\/ul>\n\t\t\t\t\t\t<\/div>\n\t\t\t\t<\/div>\n\t\t\t\t<div class=\"elementor-element elementor-element-ff13242 elementor-widget elementor-widget-spacer\" data-id=\"ff13242\" data-element_type=\"widget\" data-widget_type=\"spacer.default\">\n\t\t\t\t\t\t\t<div class=\"elementor-spacer\">\n\t\t\t<div class=\"elementor-spacer-inner\"><\/div>\n\t\t<\/div>\n\t\t\t\t\t\t<\/div>\n\t\t\t\t\t<\/div>\n\t\t\t\t<\/div>\n\t\t<div class=\"elementor-element elementor-element-10d7b360 e-flex e-con-boxed e-con e-parent\" data-id=\"10d7b360\" data-element_type=\"container\">\n\t\t\t\t\t<div class=\"e-con-inner\">\n\t\t\t\t<div class=\"elementor-element elementor-element-612c0c7 elementor-widget elementor-widget-spacer\" data-id=\"612c0c7\" data-element_type=\"widget\" data-widget_type=\"spacer.default\">\n\t\t\t\t\t\t\t<div class=\"elementor-spacer\">\n\t\t\t<div class=\"elementor-spacer-inner\"><\/div>\n\t\t<\/div>\n\t\t\t\t\t\t<\/div>\n\t\t\t\t<div class=\"elementor-element elementor-element-94d59ff elementor-widget elementor-widget-heading\" data-id=\"94d59ff\" data-element_type=\"widget\" data-widget_type=\"heading.default\">\n\t\t\t\t\t<h4 class=\"elementor-heading-title elementor-size-default\"><b>Last updated:<\/b> 01 Aug 2025<\/h4>\t\t\t\t<\/div>\n\t\t\t\t<div class=\"elementor-element elementor-element-0e4870a elementor-widget elementor-widget-heading\" data-id=\"0e4870a\" data-element_type=\"widget\" data-widget_type=\"heading.default\">\n\t\t\t\t\t<p class=\"elementor-heading-title elementor-size-default\">At ENSYL, protecting your personal data is a top priority. This privacy policy explains how we collect, use, share, and protect your personal information in compliance with the General Data Protection Regulation (GDPR).\n\n<\/p>\t\t\t\t<\/div>\n\t\t\t\t<div class=\"elementor-element elementor-element-140587b elementor-widget elementor-widget-heading\" data-id=\"140587b\" data-element_type=\"widget\" data-widget_type=\"heading.default\">\n\t\t\t\t\t<h4 class=\"elementor-heading-title elementor-size-default\">1. Data Controller\n<\/h4>\t\t\t\t<\/div>\n\t\t\t\t<div class=\"elementor-element elementor-element-3c5ff1f elementor-widget elementor-widget-text-editor\" data-id=\"3c5ff1f\" data-element_type=\"widget\" data-widget_type=\"text-editor.default\">\n\t\t\t\t\t\t\t\t\t<p>The data controller is:<br data-start=\"898\" data-end=\"901\" \/><strong data-start=\"901\" data-end=\"910\">ENSYL<\/strong><br data-start=\"938\" data-end=\"941\" \/>Email : <a class=\"cursor-pointer\" rel=\"noopener\">contact@ensyl.fr<\/a><br data-start=\"965\" data-end=\"968\" \/>Phone: <a href=\"tel:+336 52 86 66 10\">+336 52 86 66 10<\/a><\/p>\t\t\t\t\t\t\t\t<\/div>\n\t\t<div class=\"elementor-element elementor-element-28453f7 e-con-full e-flex e-con e-child\" data-id=\"28453f7\" data-element_type=\"container\">\n\t\t\t\t<div class=\"elementor-element elementor-element-fc266de elementor-widget elementor-widget-heading\" data-id=\"fc266de\" data-element_type=\"widget\" data-widget_type=\"heading.default\">\n\t\t\t\t\t<h4 class=\"elementor-heading-title elementor-size-default\">2. Data We Collect<\/h4>\t\t\t\t<\/div>\n\t\t\t\t<div class=\"elementor-element elementor-element-fada2bf elementor-widget elementor-widget-text-editor\" data-id=\"fada2bf\" data-element_type=\"widget\" data-widget_type=\"text-editor.default\">\n\t\t\t\t\t\t\t\t\t<p data-start=\"1033\" data-end=\"1081\">We may collect the following data:<\/p>\n<ul data-start=\"1082\" data-end=\"1322\">\n<li data-start=\"1082\" data-end=\"1097\">\n<p data-start=\"1084\" data-end=\"1097\">First and last name<\/p>\n<\/li>\n<li data-start=\"1098\" data-end=\"1116\">\n<p data-start=\"1100\" data-end=\"1116\">Email address<\/p>\n<\/li>\n<li data-start=\"1117\" data-end=\"1140\">\n<p data-start=\"1119\" data-end=\"1140\">Phone number<\/p>\n<\/li>\n<li data-start=\"1141\" data-end=\"1194\">\n<p data-start=\"1143\" data-end=\"1194\">Professional information (job title, company)<\/p>\n<\/li>\n<li data-start=\"1195\" data-end=\"1250\">\n<p data-start=\"1197\" data-end=\"1250\">Connection data (IP address, browser, etc.)<\/p>\n<\/li>\n<li data-start=\"1251\" data-end=\"1322\">\n<p data-start=\"1253\" data-end=\"1322\">Any other data submitted via our contact forms or tools<\/p>\n<\/li>\n<\/ul>\t\t\t\t\t\t\t\t<\/div>\n\t\t\t\t<\/div>\n\t\t<div class=\"elementor-element elementor-element-30f9810 e-con-full e-flex e-con e-child\" data-id=\"30f9810\" data-element_type=\"container\">\n\t\t\t\t<div class=\"elementor-element elementor-element-5a20c06 elementor-widget elementor-widget-heading\" data-id=\"5a20c06\" data-element_type=\"widget\" data-widget_type=\"heading.default\">\n\t\t\t\t\t<h4 class=\"elementor-heading-title elementor-size-default\">3. Purpose of Data Collection\n<\/h4>\t\t\t\t<\/div>\n\t\t\t\t<div class=\"elementor-element elementor-element-816809d elementor-widget elementor-widget-text-editor\" data-id=\"816809d\" data-element_type=\"widget\" data-widget_type=\"text-editor.default\">\n\t\t\t\t\t\t\t\t\t<p data-start=\"1362\" data-end=\"1408\">We collect your data for the following purposes:<\/p>\n<ul data-start=\"1409\" data-end=\"1681\">\n<li data-start=\"1409\" data-end=\"1484\">\n<p data-start=\"1411\" data-end=\"1484\">To deliver our services (SaaS applications, technical integrations, etc.)<\/p>\n<\/li>\n<li data-start=\"1485\" data-end=\"1535\">\n<p data-start=\"1487\" data-end=\"1535\">To respond to your inquiries or quote requests<\/p>\n<\/li>\n<li data-start=\"1536\" data-end=\"1588\">\n<p data-start=\"1538\" data-end=\"1588\">To manage client relationships and technical support<\/p>\n<\/li>\n<li data-start=\"1589\" data-end=\"1627\">\n<p data-start=\"1591\" data-end=\"1627\">To improve user experience<\/p>\n<\/li>\n<li data-start=\"1628\" data-end=\"1681\">\n<p data-start=\"1630\" data-end=\"1681\">To comply with legal and regulatory obligations<\/p>\n<\/li>\n<\/ul>\t\t\t\t\t\t\t\t<\/div>\n\t\t\t\t<\/div>\n\t\t<div class=\"elementor-element elementor-element-6d247c0 e-con-full e-flex e-con e-child\" data-id=\"6d247c0\" data-element_type=\"container\">\n\t\t\t\t<div class=\"elementor-element elementor-element-63da29c elementor-widget elementor-widget-heading\" data-id=\"63da29c\" data-element_type=\"widget\" data-widget_type=\"heading.default\">\n\t\t\t\t\t<h4 class=\"elementor-heading-title elementor-size-default\">4. Legal Basis for Processing<\/h4>\t\t\t\t<\/div>\n\t\t\t\t<div class=\"elementor-element elementor-element-9a89292 elementor-widget elementor-widget-text-editor\" data-id=\"9a89292\" data-element_type=\"widget\" data-widget_type=\"text-editor.default\">\n\t\t\t\t\t\t\t\t\t<p data-start=\"1722\" data-end=\"1818\">Under GDPR, we process your personal data based on the following legal grounds:<\/p>\n<ul data-start=\"1819\" data-end=\"1973\">\n<li data-start=\"1819\" data-end=\"1861\">\n<p data-start=\"1821\" data-end=\"1861\">Your consent (forms, newsletters)<\/p>\n<\/li>\n<li data-start=\"1862\" data-end=\"1888\">\n<p data-start=\"1864\" data-end=\"1888\">Performance of a contract<\/p>\n<\/li>\n<li data-start=\"1889\" data-end=\"1910\">\n<p data-start=\"1891\" data-end=\"1910\">Legal obligation<\/p>\n<\/li>\n<li data-start=\"1911\" data-end=\"1973\">\n<p data-start=\"1913\" data-end=\"1973\">Legitimate interest (service improvement, security, etc.)<\/p>\n<\/li>\n<\/ul>\t\t\t\t\t\t\t\t<\/div>\n\t\t\t\t<\/div>\n\t\t<div class=\"elementor-element elementor-element-b86e8ad e-con-full e-flex e-con e-child\" data-id=\"b86e8ad\" data-element_type=\"container\">\n\t\t\t\t<div class=\"elementor-element elementor-element-7998b51 elementor-widget elementor-widget-heading\" data-id=\"7998b51\" data-element_type=\"widget\" data-widget_type=\"heading.default\">\n\t\t\t\t\t<h4 class=\"elementor-heading-title elementor-size-default\">5. Data Recipients<\/h4>\t\t\t\t<\/div>\n\t\t\t\t<div class=\"elementor-element elementor-element-d13c4c2 elementor-widget elementor-widget-text-editor\" data-id=\"d13c4c2\" data-element_type=\"widget\" data-widget_type=\"text-editor.default\">\n\t\t\t\t\t\t\t\t\t<p data-start=\"2014\" data-end=\"2070\">Your personal data may be shared with:<\/p>\n<ul data-start=\"2071\" data-end=\"2245\">\n<li data-start=\"2071\" data-end=\"2095\">\n<p data-start=\"2073\" data-end=\"2095\">Our internal team<\/p>\n<\/li>\n<li data-start=\"2096\" data-end=\"2166\">\n<p data-start=\"2098\" data-end=\"2166\">Our service providers (cloud hosting, email tools, CRM, etc.)<\/p>\n<\/li>\n<li data-start=\"2167\" data-end=\"2245\">\n<p data-start=\"2169\" data-end=\"2245\">Government or judicial authorities, when legally required<\/p>\n<\/li>\n<\/ul>\n<p data-start=\"2247\" data-end=\"2349\">All our partners are bound by strict confidentiality and GDPR compliance agreements.<\/p>\t\t\t\t\t\t\t\t<\/div>\n\t\t\t\t<\/div>\n\t\t<div class=\"elementor-element elementor-element-5482642 e-con-full e-flex e-con e-child\" data-id=\"5482642\" data-element_type=\"container\">\n\t\t\t\t<div class=\"elementor-element elementor-element-82d7c88 elementor-widget elementor-widget-heading\" data-id=\"82d7c88\" data-element_type=\"widget\" data-widget_type=\"heading.default\">\n\t\t\t\t\t<h4 class=\"elementor-heading-title elementor-size-default\">6. Data Retention\n<\/h4>\t\t\t\t<\/div>\n\t\t\t\t<div class=\"elementor-element elementor-element-1adcd39 elementor-widget elementor-widget-text-editor\" data-id=\"1adcd39\" data-element_type=\"widget\" data-widget_type=\"text-editor.default\">\n\t\t\t\t\t\t\t\t\t<p data-start=\"2386\" data-end=\"2492\">We retain your data only as long as necessary for the purposes described above:<\/p>\n<ul data-start=\"2493\" data-end=\"2690\">\n<li data-start=\"2493\" data-end=\"2560\">\n<p data-start=\"2495\" data-end=\"2560\">Client data: 3 years after the end of the business relationship<\/p>\n<\/li>\n<li data-start=\"2561\" data-end=\"2615\">\n<p data-start=\"2563\" data-end=\"2615\">Prospect data: 3 years after last contact<\/p>\n<\/li>\n<li data-start=\"2616\" data-end=\"2690\">\n<p data-start=\"2618\" data-end=\"2690\">Legal data: as required by applicable regulations<\/p>\n<\/li>\n<\/ul>\t\t\t\t\t\t\t\t<\/div>\n\t\t\t\t<\/div>\n\t\t<div class=\"elementor-element elementor-element-4fb49be e-con-full e-flex e-con e-child\" data-id=\"4fb49be\" data-element_type=\"container\">\n\t\t\t\t<div class=\"elementor-element elementor-element-e8be540 elementor-widget elementor-widget-heading\" data-id=\"e8be540\" data-element_type=\"widget\" data-widget_type=\"heading.default\">\n\t\t\t\t\t<h4 class=\"elementor-heading-title elementor-size-default\">7. Your Rights\n<\/h4>\t\t\t\t<\/div>\n\t\t\t\t<div class=\"elementor-element elementor-element-37b6ed2 elementor-widget elementor-widget-text-editor\" data-id=\"37b6ed2\" data-element_type=\"widget\" data-widget_type=\"text-editor.default\">\n\t\t\t\t\t\t\t\t\t<p data-start=\"2716\" data-end=\"2775\">Under GDPR, you have the following rights:<\/p>\n<ul data-start=\"2776\" data-end=\"2963\">\n<li data-start=\"2776\" data-end=\"2793\">\n<p data-start=\"2778\" data-end=\"2793\">Right of access<\/p>\n<\/li>\n<li data-start=\"2794\" data-end=\"2820\">\n<p data-start=\"2796\" data-end=\"2820\">Right to rectification<\/p>\n<\/li>\n<li data-start=\"2821\" data-end=\"2863\">\n<p data-start=\"2823\" data-end=\"2863\">Right to erasure (right to be forgotten)<\/p>\n<\/li>\n<li data-start=\"2864\" data-end=\"2903\">\n<p data-start=\"2866\" data-end=\"2903\">Right to restrict processing<\/p>\n<\/li>\n<li data-start=\"2904\" data-end=\"2926\">\n<p data-start=\"2906\" data-end=\"2926\">Right to object<\/p>\n<\/li>\n<li data-start=\"2927\" data-end=\"2963\">\n<p data-start=\"2929\" data-end=\"2963\">Right to data portability<\/p>\n<\/li>\n<\/ul>\n<p data-start=\"2965\" data-end=\"3029\">To exercise your rights, please contact us at:<strong><a href=\"mailto:contact@ensyl.fr\">contact@ensyl.fr<\/a><\/strong><\/p>\t\t\t\t\t\t\t\t<\/div>\n\t\t\t\t<\/div>\n\t\t<div class=\"elementor-element elementor-element-d9dc37f e-con-full e-flex e-con e-child\" data-id=\"d9dc37f\" data-element_type=\"container\">\n\t\t\t\t<div class=\"elementor-element elementor-element-98f5c4a elementor-widget elementor-widget-heading\" data-id=\"98f5c4a\" data-element_type=\"widget\" data-widget_type=\"heading.default\">\n\t\t\t\t\t<h4 class=\"elementor-heading-title elementor-size-default\">8. Data Security\n<\/h4>\t\t\t\t<\/div>\n\t\t\t\t<div class=\"elementor-element elementor-element-35a8cee elementor-widget elementor-widget-text-editor\" data-id=\"35a8cee\" data-element_type=\"widget\" data-widget_type=\"text-editor.default\">\n\t\t\t\t\t\t\t\t\t<p data-start=\"3065\" data-end=\"3174\">We implement technical and organizational measures to protect your personal data, including:<\/p>\n<ul data-start=\"3175\" data-end=\"3307\">\n<li data-start=\"3175\" data-end=\"3221\">\n<p data-start=\"3177\" data-end=\"3221\">Secure cloud hosting (GDPR-compliant)<\/p>\n<\/li>\n<li data-start=\"3222\" data-end=\"3253\">\n<p data-start=\"3224\" data-end=\"3253\">Restricted access to data<\/p>\n<\/li>\n<li data-start=\"3254\" data-end=\"3282\">\n<p data-start=\"3256\" data-end=\"3282\">Encrypted communications<\/p>\n<\/li>\n<li data-start=\"3283\" data-end=\"3307\">\n<p data-start=\"3285\" data-end=\"3307\">Regular backups<\/p>\n<\/li>\n<\/ul>\t\t\t\t\t\t\t\t<\/div>\n\t\t\t\t<\/div>\n\t\t<div class=\"elementor-element elementor-element-17aa531 e-con-full e-flex e-con e-child\" data-id=\"17aa531\" data-element_type=\"container\">\n\t\t\t\t<div class=\"elementor-element elementor-element-c2474af elementor-widget elementor-widget-heading\" data-id=\"c2474af\" data-element_type=\"widget\" data-widget_type=\"heading.default\">\n\t\t\t\t\t<h4 class=\"elementor-heading-title elementor-size-default\">9. Cookies\n<\/h4>\t\t\t\t<\/div>\n\t\t\t\t<div class=\"elementor-element elementor-element-4d9d853 elementor-widget elementor-widget-text-editor\" data-id=\"4d9d853\" data-element_type=\"widget\" data-widget_type=\"text-editor.default\">\n\t\t\t\t\t\t\t\t\t<p data-start=\"3330\" data-end=\"3487\">Our website uses cookies to enhance navigation and analyze traffic. You can manage your preferences at any time via the cookie banner.<\/p>\t\t\t\t\t\t\t\t<\/div>\n\t\t\t\t<\/div>\n\t\t<div class=\"elementor-element elementor-element-aa86092 e-con-full e-flex e-con e-child\" data-id=\"aa86092\" data-element_type=\"container\">\n\t\t\t\t<div class=\"elementor-element elementor-element-adb8bae elementor-widget elementor-widget-heading\" data-id=\"adb8bae\" data-element_type=\"widget\" data-widget_type=\"heading.default\">\n\t\t\t\t\t<h4 class=\"elementor-heading-title elementor-size-default\">10. Data Transfers Outside the EU\n<\/h4>\t\t\t\t<\/div>\n\t\t\t\t<div class=\"elementor-element elementor-element-2d83f65 elementor-widget elementor-widget-text-editor\" data-id=\"2d83f65\" data-element_type=\"widget\" data-widget_type=\"text-editor.default\">\n\t\t\t\t\t\t\t\t\t<p data-start=\"3533\" data-end=\"3757\">If any personal data is transferred outside the European Union, it will only be to countries that ensure adequate protection or through standard contractual clauses approved by the European Commission.<\/p>\t\t\t\t\t\t\t\t<\/div>\n\t\t\t\t<\/div>\n\t\t<div class=\"elementor-element elementor-element-98c7ce0 e-con-full e-flex e-con e-child\" data-id=\"98c7ce0\" data-element_type=\"container\">\n\t\t\t\t<div class=\"elementor-element elementor-element-93ef997 elementor-widget elementor-widget-heading\" data-id=\"93ef997\" data-element_type=\"widget\" data-widget_type=\"heading.default\">\n\t\t\t\t\t<h4 class=\"elementor-heading-title elementor-size-default\">11. Complaints\n<\/h4>\t\t\t\t<\/div>\n\t\t\t\t<div class=\"elementor-element elementor-element-ba9a676 elementor-widget elementor-widget-text-editor\" data-id=\"ba9a676\" data-element_type=\"widget\" data-widget_type=\"text-editor.default\">\n\t\t\t\t\t\t\t\t\t<p data-start=\"3533\" data-end=\"3757\">If you wish to file a complaint, you may contact the CNIL (Commission Nationale de l'Informatique et des Libert\u00e9s): <strong data-start=\"3834\" data-end=\"3899\">CNIL (Commission Nationale de l&rsquo;Informatique et des Libert\u00e9s)<\/strong> :<br data-start=\"3901\" data-end=\"3904\" \/><a class=\"cursor-pointer\" target=\"_new\" rel=\"noopener\" data-start=\"3904\" data-end=\"3948\">https:\/\/www.cnil.fr\/<\/a><\/p>\t\t\t\t\t\t\t\t<\/div>\n\t\t\t\t<\/div>\n\t\t<div class=\"elementor-element elementor-element-a0debaa e-con-full e-flex e-con e-child\" data-id=\"a0debaa\" data-element_type=\"container\">\n\t\t\t\t<div class=\"elementor-element elementor-element-d810c9f elementor-widget elementor-widget-heading\" data-id=\"d810c9f\" data-element_type=\"widget\" data-widget_type=\"heading.default\">\n\t\t\t\t\t<h4 class=\"elementor-heading-title elementor-size-default\">12. Updates\n<\/h4>\t\t\t\t<\/div>\n\t\t\t\t<div class=\"elementor-element elementor-element-d5314d3 elementor-widget elementor-widget-text-editor\" data-id=\"d5314d3\" data-element_type=\"widget\" data-widget_type=\"text-editor.default\">\n\t\t\t\t\t\t\t\t\t<p data-start=\"3978\" data-end=\"4081\">This policy may be updated at any time. We recommend checking it regularly for any changes.<\/p>\t\t\t\t\t\t\t\t<\/div>\n\t\t\t\t<\/div>\n\t\t\t\t\t<\/div>\n\t\t\t\t<\/div>\n\t\t\t\t<\/div>","protected":false},"excerpt":{"rendered":"<p>Politique de Confidentialit\u00e9 Maison Politique de Confidentialit\u00e9 Date de derni\u00e8re mise \u00e0 jour : 01 Aug 2025 Chez ENSYL, la confidentialit\u00e9 de vos donn\u00e9es personnelles est une priorit\u00e9. Cette politique de confidentialit\u00e9 explique comment nous collectons, utilisons, partageons et prot\u00e9geons vos informations personnelles conform\u00e9ment au R\u00e8glement G\u00e9n\u00e9ral sur la Protection des Donn\u00e9es (RGPD). 1. Responsable [&hellip;]<\/p>","protected":false},"author":1,"featured_media":0,"parent":0,"menu_order":0,"comment_status":"closed","ping_status":"closed","template":"elementor_header_footer","meta":{"footnotes":""},"class_list":["post-3","page","type-page","status-publish","hentry"],"_links":{"self":[{"href":"https:\/\/ensyl.fr\/en\/wp-json\/wp\/v2\/pages\/3","targetHints":{"allow":["GET"]}}],"collection":[{"href":"https:\/\/ensyl.fr\/en\/wp-json\/wp\/v2\/pages"}],"about":[{"href":"https:\/\/ensyl.fr\/en\/wp-json\/wp\/v2\/types\/page"}],"author":[{"embeddable":true,"href":"https:\/\/ensyl.fr\/en\/wp-json\/wp\/v2\/users\/1"}],"replies":[{"embeddable":true,"href":"https:\/\/ensyl.fr\/en\/wp-json\/wp\/v2\/comments?post=3"}],"version-history":[{"count":0,"href":"https:\/\/ensyl.fr\/en\/wp-json\/wp\/v2\/pages\/3\/revisions"}],"wp:attachment":[{"href":"https:\/\/ensyl.fr\/en\/wp-json\/wp\/v2\/media?parent=3"}],"curies":[{"name":"wp","href":"https:\/\/api.w.org\/{rel}","templated":true}]}}